{"id":268,"date":"2021-07-31T08:54:01","date_gmt":"2021-07-31T08:54:01","guid":{"rendered":"https:\/\/restaurangathena.se\/?page_id=268"},"modified":"2023-11-25T16:55:37","modified_gmt":"2023-11-25T16:55:37","slug":"events","status":"publish","type":"page","link":"https:\/\/restaurangathena.se\/en\/events\/","title":{"rendered":"Events"},"content":{"rendered":"<div data-elementor-type=\"wp-page\" data-elementor-id=\"268\" class=\"elementor elementor-268\" data-elementor-post-type=\"page\">\n\t\t\t\t\t\t<section class=\"elementor-section elementor-top-section elementor-element elementor-element-614714b elementor-section-full_width elementor-section-height-default elementor-section-height-default\" data-id=\"614714b\" data-element_type=\"section\" data-e-type=\"section\" data-settings=\"{&quot;background_background&quot;:&quot;classic&quot;}\">\n\t\t\t\t\t\t\t<div class=\"elementor-background-overlay\"><\/div>\n\t\t\t\t\t\t\t<div class=\"elementor-container elementor-column-gap-default\">\n\t\t\t\t\t<div class=\"elementor-column elementor-col-100 elementor-top-column elementor-element elementor-element-515dd8b\" data-id=\"515dd8b\" data-element_type=\"column\" data-e-type=\"column\">\n\t\t\t<div class=\"elementor-widget-wrap elementor-element-populated\">\n\t\t\t\t\t\t<div class=\"elementor-element elementor-element-32f9f60 elementor-widget elementor-widget-heading\" data-id=\"32f9f60\" data-element_type=\"widget\" data-e-type=\"widget\" data-widget_type=\"heading.default\">\n\t\t\t\t<div class=\"elementor-widget-container\">\n\t\t\t\t\t<h6 class=\"elementor-heading-title elementor-size-default\">V\u00e5r schema f\u00f6r<\/h6>\t\t\t\t<\/div>\n\t\t\t\t<\/div>\n\t\t\t\t<div class=\"elementor-element elementor-element-077c92c elementor-widget elementor-widget-heading\" data-id=\"077c92c\" data-element_type=\"widget\" data-e-type=\"widget\" data-widget_type=\"heading.default\">\n\t\t\t\t<div class=\"elementor-widget-container\">\n\t\t\t\t\t<h1 class=\"elementor-heading-title elementor-size-default\">Events<\/h1>\t\t\t\t<\/div>\n\t\t\t\t<\/div>\n\t\t\t\t<div class=\"elementor-element elementor-element-26cb402 elementor-widget__width-auto elementor-widget elementor-widget-image\" data-id=\"26cb402\" data-element_type=\"widget\" data-e-type=\"widget\" data-widget_type=\"image.default\">\n\t\t\t\t<div class=\"elementor-widget-container\">\n\t\t\t\t\t\t\t\t\t\t\t\t\t\t\t<img decoding=\"async\" width=\"201\" height=\"26\" src=\"https:\/\/restaurangathena.se\/wp-content\/uploads\/2021\/07\/Athena-Line-w.png\" class=\"attachment-full size-full wp-image-15\" alt=\"\" \/>\t\t\t\t\t\t\t\t\t\t\t\t\t\t\t<\/div>\n\t\t\t\t<\/div>\n\t\t\t\t\t<\/div>\n\t\t<\/div>\n\t\t\t\t\t<\/div>\n\t\t<\/section>\n\t\t\t\t<section class=\"elementor-section elementor-top-section elementor-element elementor-element-ee05cd3 elementor-reverse-mobile elementor-section-boxed elementor-section-height-default elementor-section-height-default\" data-id=\"ee05cd3\" data-element_type=\"section\" data-e-type=\"section\" data-settings=\"{&quot;background_background&quot;:&quot;classic&quot;}\">\n\t\t\t\t\t\t\t<div class=\"elementor-background-overlay\"><\/div>\n\t\t\t\t\t\t\t<div class=\"elementor-container elementor-column-gap-default\">\n\t\t\t\t\t<div class=\"elementor-column elementor-col-33 elementor-top-column elementor-element elementor-element-bf3a2e0\" data-id=\"bf3a2e0\" data-element_type=\"column\" data-e-type=\"column\">\n\t\t\t<div class=\"elementor-widget-wrap elementor-element-populated\">\n\t\t\t\t\t\t<div class=\"elementor-element elementor-element-ffc8af8 elementor-widget elementor-widget-image\" data-id=\"ffc8af8\" data-element_type=\"widget\" data-e-type=\"widget\" data-widget_type=\"image.default\">\n\t\t\t\t<div class=\"elementor-widget-container\">\n\t\t\t\t\t\t\t\t\t\t\t\t\t\t\t<img fetchpriority=\"high\" decoding=\"async\" width=\"571\" height=\"1037\" src=\"https:\/\/restaurangathena.se\/wp-content\/uploads\/2023\/11\/athena.jpg\" class=\"attachment-full size-full wp-image-763\" alt=\"\" srcset=\"https:\/\/restaurangathena.se\/wp-content\/uploads\/2023\/11\/athena.jpg 571w, https:\/\/restaurangathena.se\/wp-content\/uploads\/2023\/11\/athena-165x300.jpg 165w, https:\/\/restaurangathena.se\/wp-content\/uploads\/2023\/11\/athena-564x1024.jpg 564w, https:\/\/restaurangathena.se\/wp-content\/uploads\/2023\/11\/athena-7x12.jpg 7w\" sizes=\"(max-width: 571px) 100vw, 571px\" \/>\t\t\t\t\t\t\t\t\t\t\t\t\t\t\t<\/div>\n\t\t\t\t<\/div>\n\t\t\t\t\t<\/div>\n\t\t<\/div>\n\t\t\t\t<div class=\"elementor-column elementor-col-66 elementor-top-column elementor-element elementor-element-f58306e\" data-id=\"f58306e\" data-element_type=\"column\" data-e-type=\"column\">\n\t\t\t<div class=\"elementor-widget-wrap elementor-element-populated\">\n\t\t\t\t\t\t<div class=\"elementor-element elementor-element-fcc9106 elementor-widget elementor-widget-heading\" data-id=\"fcc9106\" data-element_type=\"widget\" data-e-type=\"widget\" data-widget_type=\"heading.default\">\n\t\t\t\t<div class=\"elementor-widget-container\">\n\t\t\t\t\t<h6 class=\"elementor-heading-title elementor-size-default\">Restaurant Athena<\/h6>\t\t\t\t<\/div>\n\t\t\t\t<\/div>\n\t\t\t\t<div class=\"elementor-element elementor-element-3a78ac6 elementor-widget elementor-widget-heading\" data-id=\"3a78ac6\" data-element_type=\"widget\" data-e-type=\"widget\" data-widget_type=\"heading.default\">\n\t\t\t\t<div class=\"elementor-widget-container\">\n\t\t\t\t\t<h2 class=\"elementor-heading-title elementor-size-default\">Grekisk Afton Live<br>L\u00f6rdag 16 Dec<\/h2>\t\t\t\t<\/div>\n\t\t\t\t<\/div>\n\t\t\t\t<div class=\"elementor-element elementor-element-90ecb4a elementor-widget elementor-widget-image\" data-id=\"90ecb4a\" data-element_type=\"widget\" data-e-type=\"widget\" data-widget_type=\"image.default\">\n\t\t\t\t<div class=\"elementor-widget-container\">\n\t\t\t\t\t\t\t\t\t\t\t\t\t\t\t<img decoding=\"async\" width=\"201\" height=\"26\" src=\"https:\/\/restaurangathena.se\/wp-content\/uploads\/2021\/07\/Athena-Line.png\" class=\"attachment-full size-full wp-image-19\" alt=\"\" \/>\t\t\t\t\t\t\t\t\t\t\t\t\t\t\t<\/div>\n\t\t\t\t<\/div>\n\t\t\t\t<div class=\"elementor-element elementor-element-6b86e78 elementor-widget elementor-widget-text-editor\" data-id=\"6b86e78\" data-element_type=\"widget\" data-e-type=\"widget\" data-widget_type=\"text-editor.default\">\n\t\t\t\t<div class=\"elementor-widget-container\">\n\t\t\t\t\t\t\t\t\t<h5>\u00c4ntligen dags f\u00f6r \u00e4nnu en grekisk afton!<\/h5><p>Uppt\u00e4ck en smakfull resa till Grekland mitt i <strong>centrala G\u00f6teborg<\/strong>. V\u00e5r grekiska restaurang bjuder in dig till en familj\u00e4r atmosf\u00e4r och \u00e4kta smaker.<\/p><p>Njut av v\u00e5r autentiska milj\u00f6 medan live gruppen <strong>Greek Romantic Quartet<\/strong>! fyller rummet fr\u00e5n klockan 20.00.<\/p><p><em>Varmt v\u00e4lkomna att boka bord eller bara kom in f\u00f6r n\u00e5got gott i baren.<\/em><\/p>\t\t\t\t\t\t\t\t<\/div>\n\t\t\t\t<\/div>\n\t\t\t\t<div class=\"elementor-element elementor-element-947552f elementor-widget__width-auto elementor-tablet-align-justify elementor-widget-tablet__width-inherit elementor-widget elementor-widget-button\" data-id=\"947552f\" data-element_type=\"widget\" data-e-type=\"widget\" data-widget_type=\"button.default\">\n\t\t\t\t<div class=\"elementor-widget-container\">\n\t\t\t\t\t\t\t\t\t<div class=\"elementor-button-wrapper\">\n\t\t\t\t\t<a class=\"elementor-button elementor-button-link elementor-size-sm\" href=\"https:\/\/restaurangathena.se\/en\/boka-bord\/\">\n\t\t\t\t\t\t<span class=\"elementor-button-content-wrapper\">\n\t\t\t\t\t\t\t\t\t<span class=\"elementor-button-text\">Reserve a table<\/span>\n\t\t\t\t\t<\/span>\n\t\t\t\t\t<\/a>\n\t\t\t\t<\/div>\n\t\t\t\t\t\t\t\t<\/div>\n\t\t\t\t<\/div>\n\t\t\t\t\t<\/div>\n\t\t<\/div>\n\t\t\t\t\t<\/div>\n\t\t<\/section>\n\t\t\t\t<section class=\"elementor-section elementor-top-section elementor-element elementor-element-9e94107 elementor-section-full_width elementor-section-height-default elementor-section-height-default\" data-id=\"9e94107\" data-element_type=\"section\" data-e-type=\"section\">\n\t\t\t\t\t\t<div class=\"elementor-container elementor-column-gap-default\">\n\t\t\t\t\t<div class=\"elementor-column elementor-col-100 elementor-top-column elementor-element elementor-element-d70ad74\" data-id=\"d70ad74\" data-element_type=\"column\" data-e-type=\"column\">\n\t\t\t<div class=\"elementor-widget-wrap elementor-element-populated\">\n\t\t\t\t\t\t<div class=\"elementor-element elementor-element-5c14682 elementor-widget elementor-widget-html\" data-id=\"5c14682\" data-element_type=\"widget\" data-e-type=\"widget\" data-widget_type=\"html.default\">\n\t\t\t\t<div class=\"elementor-widget-container\">\n\t\t\t\t\t<iframe marginheight=\"0\" marginwidth=\"0\" height=\"100%\" width=\"100%\" display=\"block\" border=\"none\" outline=\"none\" margin=\"none\" src=\"https:\/\/www.northerninterior.se\/360VR\/Restaurang-Athena\/\" scrolling=\"no\" seamless=\"yes\" allowfullscreen=\"yes\" frameborder=\"0\" style=\"height: 100vh;\"><\/iframe>\t\t\t\t<\/div>\n\t\t\t\t<\/div>\n\t\t\t\t\t<\/div>\n\t\t<\/div>\n\t\t\t\t\t<\/div>\n\t\t<\/section>\n\t\t\t\t<\/div>","protected":false},"excerpt":{"rendered":"<p>V\u00e5r schema f\u00f6r Restaurang Athena Grekisk Afton LiveL\u00f6rdag 16 Dec \u00c4ntligen dags f\u00f6r \u00e4nnu en grekisk afton! Uppt\u00e4ck en smakfull resa till Grekland mitt i centrala G\u00f6teborg. V\u00e5r grekiska restaurang bjuder in dig till en familj\u00e4r atmosf\u00e4r och \u00e4kta smaker. Njut av v\u00e5r autentiska milj\u00f6 medan live gruppen Greek Romantic Quartet! fyller rummet fr\u00e5n klockan [&hellip;]<\/p>\n","protected":false},"author":1,"featured_media":55,"parent":0,"menu_order":5,"comment_status":"closed","ping_status":"closed","template":"","meta":{"footnotes":""},"class_list":["post-268","page","type-page","status-publish","has-post-thumbnail","hentry"],"yoast_head":"<!-- This site is optimized with the Yoast SEO plugin v27.4 - https:\/\/yoast.com\/product\/yoast-seo-wordpress\/ -->\n<title>Events &#187; Restaurang Athena G\u00f6teborg<\/title>\n<meta name=\"description\" content=\"H\u00e4r hittar du allt om v\u00e5ra events och nyheter om restauranger. Live music och andra evenemang laddas upp h\u00e4r.\" \/>\n<meta name=\"robots\" content=\"index, follow, max-snippet:-1, max-image-preview:large, max-video-preview:-1\" \/>\n<link rel=\"canonical\" href=\"https:\/\/restaurangathena.se\/en\/events\/\" \/>\n<meta property=\"og:locale\" content=\"en_GB\" \/>\n<meta property=\"og:type\" content=\"article\" \/>\n<meta property=\"og:title\" content=\"Events &#187; Restaurang Athena G\u00f6teborg\" \/>\n<meta property=\"og:description\" content=\"H\u00e4r hittar du allt om v\u00e5ra events och nyheter om restauranger. Live music och andra evenemang laddas upp h\u00e4r.\" \/>\n<meta property=\"og:url\" content=\"https:\/\/restaurangathena.se\/en\/events\/\" \/>\n<meta property=\"og:site_name\" content=\"Restaurang Athena\" \/>\n<meta property=\"article:modified_time\" content=\"2023-11-25T16:55:37+00:00\" \/>\n<meta property=\"og:image\" content=\"https:\/\/restaurangathena.se\/wp-content\/uploads\/2021\/07\/Athena-icon.png\" \/>\n\t<meta property=\"og:image:width\" content=\"500\" \/>\n\t<meta property=\"og:image:height\" content=\"500\" \/>\n\t<meta property=\"og:image:type\" content=\"image\/png\" \/>\n<meta name=\"twitter:card\" content=\"summary_large_image\" \/>\n<meta name=\"twitter:label1\" content=\"Estimated reading time\" \/>\n\t<meta name=\"twitter:data1\" content=\"1 minute\" \/>\n<script type=\"application\/ld+json\" class=\"yoast-schema-graph\">{\"@context\":\"https:\\\/\\\/schema.org\",\"@graph\":[{\"@type\":\"WebPage\",\"@id\":\"https:\\\/\\\/restaurangathena.se\\\/events\\\/\",\"url\":\"https:\\\/\\\/restaurangathena.se\\\/events\\\/\",\"name\":\"Events &#187; Restaurang Athena G\u00f6teborg\",\"isPartOf\":{\"@id\":\"https:\\\/\\\/restaurangathena.se\\\/#website\"},\"primaryImageOfPage\":{\"@id\":\"https:\\\/\\\/restaurangathena.se\\\/events\\\/#primaryimage\"},\"image\":{\"@id\":\"https:\\\/\\\/restaurangathena.se\\\/events\\\/#primaryimage\"},\"thumbnailUrl\":\"https:\\\/\\\/restaurangathena.se\\\/wp-content\\\/uploads\\\/2021\\\/07\\\/Athena-icon.png\",\"datePublished\":\"2021-07-31T08:54:01+00:00\",\"dateModified\":\"2023-11-25T16:55:37+00:00\",\"description\":\"H\u00e4r hittar du allt om v\u00e5ra events och nyheter om restauranger. Live music och andra evenemang laddas upp h\u00e4r.\",\"breadcrumb\":{\"@id\":\"https:\\\/\\\/restaurangathena.se\\\/events\\\/#breadcrumb\"},\"inLanguage\":\"en-GB\",\"potentialAction\":[{\"@type\":\"ReadAction\",\"target\":[\"https:\\\/\\\/restaurangathena.se\\\/events\\\/\"]}]},{\"@type\":\"ImageObject\",\"inLanguage\":\"en-GB\",\"@id\":\"https:\\\/\\\/restaurangathena.se\\\/events\\\/#primaryimage\",\"url\":\"https:\\\/\\\/restaurangathena.se\\\/wp-content\\\/uploads\\\/2021\\\/07\\\/Athena-icon.png\",\"contentUrl\":\"https:\\\/\\\/restaurangathena.se\\\/wp-content\\\/uploads\\\/2021\\\/07\\\/Athena-icon.png\",\"width\":500,\"height\":500},{\"@type\":\"BreadcrumbList\",\"@id\":\"https:\\\/\\\/restaurangathena.se\\\/events\\\/#breadcrumb\",\"itemListElement\":[{\"@type\":\"ListItem\",\"position\":1,\"name\":\"Startsida\",\"item\":\"https:\\\/\\\/restaurangathena.se\\\/\"},{\"@type\":\"ListItem\",\"position\":2,\"name\":\"Events\"}]},{\"@type\":\"WebSite\",\"@id\":\"https:\\\/\\\/restaurangathena.se\\\/#website\",\"url\":\"https:\\\/\\\/restaurangathena.se\\\/\",\"name\":\"Restaurang Athena\",\"description\":\"Grekisk | Mezi | Tapas\",\"publisher\":{\"@id\":\"https:\\\/\\\/restaurangathena.se\\\/#organization\"},\"potentialAction\":[{\"@type\":\"SearchAction\",\"target\":{\"@type\":\"EntryPoint\",\"urlTemplate\":\"https:\\\/\\\/restaurangathena.se\\\/?s={search_term_string}\"},\"query-input\":{\"@type\":\"PropertyValueSpecification\",\"valueRequired\":true,\"valueName\":\"search_term_string\"}}],\"inLanguage\":\"en-GB\"},{\"@type\":\"Organization\",\"@id\":\"https:\\\/\\\/restaurangathena.se\\\/#organization\",\"name\":\"Restaurang Athena\",\"url\":\"https:\\\/\\\/restaurangathena.se\\\/\",\"logo\":{\"@type\":\"ImageObject\",\"inLanguage\":\"en-GB\",\"@id\":\"https:\\\/\\\/restaurangathena.se\\\/#\\\/schema\\\/logo\\\/image\\\/\",\"url\":\"https:\\\/\\\/restaurangathena.se\\\/wp-content\\\/uploads\\\/2021\\\/07\\\/logo-athena.jpg\",\"contentUrl\":\"https:\\\/\\\/restaurangathena.se\\\/wp-content\\\/uploads\\\/2021\\\/07\\\/logo-athena.jpg\",\"width\":1000,\"height\":1000,\"caption\":\"Restaurang Athena\"},\"image\":{\"@id\":\"https:\\\/\\\/restaurangathena.se\\\/#\\\/schema\\\/logo\\\/image\\\/\"}}]}<\/script>\n<!-- \/ Yoast SEO plugin. -->","yoast_head_json":{"title":"Events &#187; Restaurang Athena G\u00f6teborg","description":"H\u00e4r hittar du allt om v\u00e5ra events och nyheter om restauranger. Live music och andra evenemang laddas upp h\u00e4r.","robots":{"index":"index","follow":"follow","max-snippet":"max-snippet:-1","max-image-preview":"max-image-preview:large","max-video-preview":"max-video-preview:-1"},"canonical":"https:\/\/restaurangathena.se\/en\/events\/","og_locale":"en_GB","og_type":"article","og_title":"Events &#187; Restaurang Athena G\u00f6teborg","og_description":"H\u00e4r hittar du allt om v\u00e5ra events och nyheter om restauranger. Live music och andra evenemang laddas upp h\u00e4r.","og_url":"https:\/\/restaurangathena.se\/en\/events\/","og_site_name":"Restaurang Athena","article_modified_time":"2023-11-25T16:55:37+00:00","og_image":[{"width":500,"height":500,"url":"https:\/\/restaurangathena.se\/wp-content\/uploads\/2021\/07\/Athena-icon.png","type":"image\/png"}],"twitter_card":"summary_large_image","twitter_misc":{"Estimated reading time":"1 minute"},"schema":{"@context":"https:\/\/schema.org","@graph":[{"@type":"WebPage","@id":"https:\/\/restaurangathena.se\/events\/","url":"https:\/\/restaurangathena.se\/events\/","name":"Events &#187; Restaurang Athena G\u00f6teborg","isPartOf":{"@id":"https:\/\/restaurangathena.se\/#website"},"primaryImageOfPage":{"@id":"https:\/\/restaurangathena.se\/events\/#primaryimage"},"image":{"@id":"https:\/\/restaurangathena.se\/events\/#primaryimage"},"thumbnailUrl":"https:\/\/restaurangathena.se\/wp-content\/uploads\/2021\/07\/Athena-icon.png","datePublished":"2021-07-31T08:54:01+00:00","dateModified":"2023-11-25T16:55:37+00:00","description":"H\u00e4r hittar du allt om v\u00e5ra events och nyheter om restauranger. Live music och andra evenemang laddas upp h\u00e4r.","breadcrumb":{"@id":"https:\/\/restaurangathena.se\/events\/#breadcrumb"},"inLanguage":"en-GB","potentialAction":[{"@type":"ReadAction","target":["https:\/\/restaurangathena.se\/events\/"]}]},{"@type":"ImageObject","inLanguage":"en-GB","@id":"https:\/\/restaurangathena.se\/events\/#primaryimage","url":"https:\/\/restaurangathena.se\/wp-content\/uploads\/2021\/07\/Athena-icon.png","contentUrl":"https:\/\/restaurangathena.se\/wp-content\/uploads\/2021\/07\/Athena-icon.png","width":500,"height":500},{"@type":"BreadcrumbList","@id":"https:\/\/restaurangathena.se\/events\/#breadcrumb","itemListElement":[{"@type":"ListItem","position":1,"name":"Startsida","item":"https:\/\/restaurangathena.se\/"},{"@type":"ListItem","position":2,"name":"Events"}]},{"@type":"WebSite","@id":"https:\/\/restaurangathena.se\/#website","url":"https:\/\/restaurangathena.se\/","name":"Restaurant Athena","description":"Grekisk | Mezi | Tapas","publisher":{"@id":"https:\/\/restaurangathena.se\/#organization"},"potentialAction":[{"@type":"SearchAction","target":{"@type":"EntryPoint","urlTemplate":"https:\/\/restaurangathena.se\/?s={search_term_string}"},"query-input":{"@type":"PropertyValueSpecification","valueRequired":true,"valueName":"search_term_string"}}],"inLanguage":"en-GB"},{"@type":"Organization","@id":"https:\/\/restaurangathena.se\/#organization","name":"Restaurant Athena","url":"https:\/\/restaurangathena.se\/","logo":{"@type":"ImageObject","inLanguage":"en-GB","@id":"https:\/\/restaurangathena.se\/#\/schema\/logo\/image\/","url":"https:\/\/restaurangathena.se\/wp-content\/uploads\/2021\/07\/logo-athena.jpg","contentUrl":"https:\/\/restaurangathena.se\/wp-content\/uploads\/2021\/07\/logo-athena.jpg","width":1000,"height":1000,"caption":"Restaurang Athena"},"image":{"@id":"https:\/\/restaurangathena.se\/#\/schema\/logo\/image\/"}}]}},"_links":{"self":[{"href":"https:\/\/restaurangathena.se\/en\/wp-json\/wp\/v2\/pages\/268","targetHints":{"allow":["GET"]}}],"collection":[{"href":"https:\/\/restaurangathena.se\/en\/wp-json\/wp\/v2\/pages"}],"about":[{"href":"https:\/\/restaurangathena.se\/en\/wp-json\/wp\/v2\/types\/page"}],"author":[{"embeddable":true,"href":"https:\/\/restaurangathena.se\/en\/wp-json\/wp\/v2\/users\/1"}],"replies":[{"embeddable":true,"href":"https:\/\/restaurangathena.se\/en\/wp-json\/wp\/v2\/comments?post=268"}],"version-history":[{"count":5,"href":"https:\/\/restaurangathena.se\/en\/wp-json\/wp\/v2\/pages\/268\/revisions"}],"predecessor-version":[{"id":766,"href":"https:\/\/restaurangathena.se\/en\/wp-json\/wp\/v2\/pages\/268\/revisions\/766"}],"wp:featuredmedia":[{"embeddable":true,"href":"https:\/\/restaurangathena.se\/en\/wp-json\/wp\/v2\/media\/55"}],"wp:attachment":[{"href":"https:\/\/restaurangathena.se\/en\/wp-json\/wp\/v2\/media?parent=268"}],"curies":[{"name":"wp","href":"https:\/\/api.w.org\/{rel}","templated":true}]}}