{"id":3,"date":"2021-07-22T14:37:32","date_gmt":"2021-07-22T14:37:32","guid":{"rendered":"https:\/\/restaurangathena.se\/?page_id=3"},"modified":"2021-07-31T11:31:55","modified_gmt":"2021-07-31T11:31:55","slug":"privacy-policy","status":"publish","type":"page","link":"https:\/\/restaurangathena.se\/en\/privacy-policy\/","title":{"rendered":"Privacy Policy"},"content":{"rendered":"<div data-elementor-type=\"wp-page\" data-elementor-id=\"3\" class=\"elementor elementor-3\" data-elementor-post-type=\"page\">\n\t\t\t\t\t\t<section class=\"elementor-section elementor-top-section elementor-element elementor-element-a99ed07 elementor-section-full_width elementor-section-height-default elementor-section-height-default\" data-id=\"a99ed07\" data-element_type=\"section\" data-e-type=\"section\" data-settings=\"{&quot;background_background&quot;:&quot;classic&quot;}\">\n\t\t\t\t\t\t\t<div class=\"elementor-background-overlay\"><\/div>\n\t\t\t\t\t\t\t<div class=\"elementor-container elementor-column-gap-default\">\n\t\t\t\t\t<div class=\"elementor-column elementor-col-100 elementor-top-column elementor-element elementor-element-ca1bf29\" data-id=\"ca1bf29\" data-element_type=\"column\" data-e-type=\"column\">\n\t\t\t<div class=\"elementor-widget-wrap elementor-element-populated\">\n\t\t\t\t\t\t<div class=\"elementor-element elementor-element-9804c1f elementor-widget elementor-widget-heading\" data-id=\"9804c1f\" data-element_type=\"widget\" data-e-type=\"widget\" data-widget_type=\"heading.default\">\n\t\t\t\t<div class=\"elementor-widget-container\">\n\t\t\t\t\t<h6 class=\"elementor-heading-title elementor-size-default\">Our restaurant<\/h6>\t\t\t\t<\/div>\n\t\t\t\t<\/div>\n\t\t\t\t<div class=\"elementor-element elementor-element-192e249 elementor-widget elementor-widget-heading\" data-id=\"192e249\" data-element_type=\"widget\" data-e-type=\"widget\" data-widget_type=\"heading.default\">\n\t\t\t\t<div class=\"elementor-widget-container\">\n\t\t\t\t\t<h1 class=\"elementor-heading-title elementor-size-default\">Privacy Policy<\/h1>\t\t\t\t<\/div>\n\t\t\t\t<\/div>\n\t\t\t\t<div class=\"elementor-element elementor-element-635171c elementor-widget__width-auto elementor-widget elementor-widget-image\" data-id=\"635171c\" data-element_type=\"widget\" data-e-type=\"widget\" data-widget_type=\"image.default\">\n\t\t\t\t<div class=\"elementor-widget-container\">\n\t\t\t\t\t\t\t\t\t\t\t\t\t\t\t<img decoding=\"async\" width=\"201\" height=\"26\" src=\"https:\/\/restaurangathena.se\/wp-content\/uploads\/2021\/07\/Athena-Line-w.png\" class=\"attachment-full size-full wp-image-15\" alt=\"\" \/>\t\t\t\t\t\t\t\t\t\t\t\t\t\t\t<\/div>\n\t\t\t\t<\/div>\n\t\t\t\t\t<\/div>\n\t\t<\/div>\n\t\t\t\t\t<\/div>\n\t\t<\/section>\n\t\t\t\t<section class=\"elementor-section elementor-top-section elementor-element elementor-element-e480022 elementor-reverse-mobile elementor-section-boxed elementor-section-height-default elementor-section-height-default\" data-id=\"e480022\" data-element_type=\"section\" data-e-type=\"section\" data-settings=\"{&quot;background_background&quot;:&quot;classic&quot;}\">\n\t\t\t\t\t\t\t<div class=\"elementor-background-overlay\"><\/div>\n\t\t\t\t\t\t\t<div class=\"elementor-container elementor-column-gap-default\">\n\t\t\t\t\t<div class=\"elementor-column elementor-col-100 elementor-top-column elementor-element elementor-element-7e99bae\" data-id=\"7e99bae\" data-element_type=\"column\" data-e-type=\"column\">\n\t\t\t<div class=\"elementor-widget-wrap elementor-element-populated\">\n\t\t\t\t\t\t<div class=\"elementor-element elementor-element-28ce7b3 elementor-widget elementor-widget-text-editor\" data-id=\"28ce7b3\" data-element_type=\"widget\" data-e-type=\"widget\" data-widget_type=\"text-editor.default\">\n\t\t\t\t<div class=\"elementor-widget-container\">\n\t\t\t\t\t\t\t\t\t<div class=\"vlt-animate-element elementor-element elementor-element-78517905 elementor-widget elementor-widget-heading animate__animated animate__fadeInUpSm\" data-animation-name=\"fadeInUpSm\" data-id=\"78517905\" data-element_type=\"widget\" data-settings=\"{\" data-widget_type=\"heading.default\">\n<div class=\"elementor-widget-container\">\n<h3 class=\"elementor-heading-title elementor-size-default\"><span class=\"has-accent-color\">V\u00e5r policy.<\/span><\/h3>\n<\/div>\n<\/div>\n<div class=\"vlt-animate-element elementor-element elementor-element-11e441fb elementor-widget elementor-widget-text-editor animate__animated animate__fadeInUpSm\" data-animation-name=\"fadeInUpSm\" data-id=\"11e441fb\" data-element_type=\"widget\" data-settings=\"{\" data-widget_type=\"text-editor.default\">\n<div class=\"elementor-widget-container\">\n<p><strong>V\u00e5r webbadress \u00e4r: <\/strong><a href=\"https:\/\/restaurangathena.se\/en\/\">https:\/\/restaurangathena.se\/<\/a><br>E-postadress: <a href=\"mailto:info@restaurangathena.se\">info@restaurangathena.se<\/a><\/p>\n<h5>Vilken personlig information vi samlar in och varf\u00f6r vi samlar in den<\/h5>\n<p>Vi anv\u00e4nder information som vi f\u00e5r fr\u00e5n v\u00e5ra bes\u00f6kare\/kunder. Vi anv\u00e4nder din information s\u00e5 l\u00e4nge som det \u00e4r n\u00f6dv\u00e4ndigt f\u00f6r att uppn\u00e5 m\u00e5let.<br>F\u00f6r att uppfylla m\u00e5len f\u00f6r v\u00e5ra tj\u00e4nster kommer din personliga information att hanteras av oss, men den kan ocks\u00e5 l\u00e4mnas ut och behandlas av v\u00e5ra tj\u00e4nsteleverant\u00f6rer, till exempel molnleverant\u00f6rer eller marknadsf\u00f6ringspartners som nyhetsbrevsleverant\u00f6rer. Vi kan ocks\u00e5 l\u00e4mna ut information till andra relaterade f\u00f6retag, till exempel &#8221;Google Analytics&#8221;, d\u00e4r information om ditt s\u00f6kbeteende kan avsl\u00f6jas p\u00e5 webbplatsen. Detta \u00e4r bara f\u00f6r att vi ska kunna f\u00f6rb\u00e4ttra upplevelsen p\u00e5 v\u00e5r webbplats.<br>Dessutom kan dina personuppgifter l\u00e4mnas ut om det f\u00f6reskrivs i lag, f\u00f6rordning eller regeringsbeslut<\/p>\n<p>Vilket automatiserat beslutsfattande och\/eller profilskapande vi g\u00f6r med v\u00e5ra anv\u00e4ndardata.<br>N\u00e4r du skickar ett meddelande eller kontaktar oss via webbplatsen skickas informationen i kontaktformul\u00e4ret till oss, informationen som skickas anv\u00e4nds f\u00f6r att kunna kontakta dig och slutf\u00f6ra v\u00e5rt m\u00e5l med informationen, som \u00e4r att uppr\u00e4tta och\/eller underh\u00e5lla en aff\u00e4rsrelation. N\u00e4r du anv\u00e4nder formul\u00e4r p\u00e5 v\u00e5r webbplats skickas din externa IP med formul\u00e4ret, detta endast f\u00f6r att f\u00f6rhindra skr\u00e4ppost\/trakasserier.<\/p>\n<h5>Google analytics<\/h5>\n<p>Vi anv\u00e4nder Google Analytics f\u00f6r att f\u00f6rb\u00e4ttra anv\u00e4ndarupplevelsen p\u00e5 webbplatsen. F\u00f6r att s\u00e4kerst\u00e4lla att vi f\u00f6ljer en god hantering av personuppgifter har vi:<\/p>\n<ul>\n<li>Aktiverad IP -anonymisering\/maskering.<\/li>\n<li>Inaktiverad datadelning<\/li>\n<\/ul>\n<h5>Cookie-filer<\/h5>\n<p>Om du l\u00e4mnar en kommentar p\u00e5 v\u00e5r webbplats kan du v\u00e4lja att spara ditt namn, din e-postadress och webbplatsadress i cookies. Detta \u00e4r f\u00f6r din bekv\u00e4mlighet s\u00e5 att du inte beh\u00f6ver fylla i denna information igen n\u00e4sta g\u00e5ng du skriver en kommentar. Dessa cookies \u00e4r giltiga i ett \u00e5r.<br>Om du har ett konto och loggar in p\u00e5 denna webbplats kommer vi att skapa en tillf\u00e4llig cookie -fil f\u00f6r att kontrollera om din webbl\u00e4sare accepterar cookies. Denna cookie inneh\u00e5ller ingen personligt identifierbar information och f\u00f6rsvinner n\u00e4r du st\u00e4nger din webbl\u00e4sare.<br><\/p>\n<h5>Vem kan komma \u00e5t dina uppgifter?<\/h5>\n<p>Vi s\u00e4ljer, handlar eller \u00f6verf\u00f6r inte personligt identifierbar information till tredje part. Betrodda tredje parter som hj\u00e4lper oss att driva\/f\u00f6rb\u00e4ttra v\u00e5rt f\u00f6retag eller v\u00e5r webbplats ing\u00e5r dock inte, med kravet att alla parter samtycker till att h\u00e5lla informationen konfidentiell.<\/p>\n<h5>Hur vi skyddar din information<\/h5>\n<p>V\u00e5r webbplatstrafik \u00e4r krypterad med ett SSL -certifikat. Dina personuppgifter \u00e4r skyddade bakom s\u00e4kra n\u00e4tverk och \u00e4r endast tillg\u00e4ngliga f\u00f6r ett begr\u00e4nsat antal personer med s\u00e4rskilda r\u00e4ttigheter till dessa system. De personer som hanterar personuppgifter har endast tillg\u00e5ng till den information som \u00e4r absolut n\u00f6dv\u00e4ndig f\u00f6r att de ska kunna utf\u00f6ra sina uppgifter. Skulle information l\u00e4cka ut, till exempel p\u00e5 grund av ett dataintr\u00e5ng &#8211; \u00e4r det v\u00e5r plikt att informera dem som kan ha f\u00e5tt informationen l\u00e4ckt ut.<\/p>\n<h5>L\u00e4nkar till andra sidor (externa l\u00e4nkar)<\/h5>\n<p>L\u00e4nkar till andra sidor (extern v\u00e5r webbplats kan inneh\u00e5lla l\u00e4nkar till andra webbplatser som inte drivs av oss. Om du klickar p\u00e5 en l\u00e4nk fr\u00e5n en tredje part skickas du till en tredje parts webbplats. Vi rekommenderar starkt att du granskar sekretesspolicy f\u00f6r varje webbplats du bes\u00f6ker. Vi har ingen kontroll \u00f6ver och ansvarar f\u00f6r inneh\u00e5llet, personlig information eller praxis fr\u00e5n tredje parts webbplatser eller tj\u00e4nster.<br>Om du vill veta mer om hur vi arbetar med personuppgifter, personlig integritet och vad som g\u00f6rs f\u00f6r att s\u00e4kerst\u00e4lla att GDPR f\u00f6ljs, kontakta oss p\u00e5 atinks) <a href=\"mailto:info@restaurangathena.se\">info@restaurangathena.se<\/a><\/p>\n<\/div>\n<\/div>\t\t\t\t\t\t\t\t<\/div>\n\t\t\t\t<\/div>\n\t\t\t\t\t<\/div>\n\t\t<\/div>\n\t\t\t\t\t<\/div>\n\t\t<\/section>\n\t\t\t\t<\/div>","protected":false},"excerpt":{"rendered":"<p>V\u00e5r restaurang Privacy Policy V\u00e5r policy. V\u00e5r webbadress \u00e4r: https:\/\/restaurangathena.se\/ E-postadress: info@restaurangathena.se Vilken personlig information vi samlar in och varf\u00f6r vi samlar in den Vi anv\u00e4nder information som vi f\u00e5r fr\u00e5n v\u00e5ra bes\u00f6kare\/kunder. Vi anv\u00e4nder din information s\u00e5 l\u00e4nge som det \u00e4r n\u00f6dv\u00e4ndigt f\u00f6r att uppn\u00e5 m\u00e5let. F\u00f6r att uppfylla m\u00e5len f\u00f6r v\u00e5ra tj\u00e4nster kommer [&hellip;]<\/p>\n","protected":false},"author":1,"featured_media":0,"parent":0,"menu_order":90,"comment_status":"closed","ping_status":"closed","template":"","meta":{"footnotes":""},"class_list":["post-3","page","type-page","status-publish","hentry"],"yoast_head":"<!-- This site is optimized with the Yoast SEO plugin v27.4 - https:\/\/yoast.com\/product\/yoast-seo-wordpress\/ -->\n<title>Privacy Policy &#187; Restaurang Athena G\u00f6teborg<\/title>\n<meta name=\"robots\" content=\"noindex, nofollow\" \/>\n<meta property=\"og:locale\" content=\"en_GB\" \/>\n<meta property=\"og:type\" content=\"article\" \/>\n<meta property=\"og:title\" content=\"Privacy Policy &#187; Restaurang Athena G\u00f6teborg\" \/>\n<meta property=\"og:description\" content=\"V\u00e5r restaurang Privacy Policy V\u00e5r policy. V\u00e5r webbadress \u00e4r: https:\/\/restaurangathena.se\/ E-postadress: info@restaurangathena.se Vilken personlig information vi samlar in och varf\u00f6r vi samlar in den Vi anv\u00e4nder information som vi f\u00e5r fr\u00e5n v\u00e5ra bes\u00f6kare\/kunder. Vi anv\u00e4nder din information s\u00e5 l\u00e4nge som det \u00e4r n\u00f6dv\u00e4ndigt f\u00f6r att uppn\u00e5 m\u00e5let. F\u00f6r att uppfylla m\u00e5len f\u00f6r v\u00e5ra tj\u00e4nster kommer [&hellip;]\" \/>\n<meta property=\"og:url\" content=\"https:\/\/restaurangathena.se\/en\/privacy-policy\/\" \/>\n<meta property=\"og:site_name\" content=\"Restaurang Athena\" \/>\n<meta property=\"article:modified_time\" content=\"2021-07-31T11:31:55+00:00\" \/>\n<meta property=\"og:image\" content=\"https:\/\/restaurangathena.se\/wp-content\/uploads\/2021\/07\/Athena-Line-w.png\" \/>\n<meta name=\"twitter:card\" content=\"summary_large_image\" \/>\n<meta name=\"twitter:label1\" content=\"Estimated reading time\" \/>\n\t<meta name=\"twitter:data1\" content=\"3 minutes\" \/>\n<script type=\"application\/ld+json\" class=\"yoast-schema-graph\">{\"@context\":\"https:\\\/\\\/schema.org\",\"@graph\":[{\"@type\":\"WebPage\",\"@id\":\"https:\\\/\\\/restaurangathena.se\\\/privacy-policy\\\/\",\"url\":\"https:\\\/\\\/restaurangathena.se\\\/privacy-policy\\\/\",\"name\":\"Privacy Policy &#187; Restaurang Athena G\u00f6teborg\",\"isPartOf\":{\"@id\":\"https:\\\/\\\/restaurangathena.se\\\/#website\"},\"primaryImageOfPage\":{\"@id\":\"https:\\\/\\\/restaurangathena.se\\\/privacy-policy\\\/#primaryimage\"},\"image\":{\"@id\":\"https:\\\/\\\/restaurangathena.se\\\/privacy-policy\\\/#primaryimage\"},\"thumbnailUrl\":\"https:\\\/\\\/restaurangathena.se\\\/wp-content\\\/uploads\\\/2021\\\/07\\\/Athena-Line-w.png\",\"datePublished\":\"2021-07-22T14:37:32+00:00\",\"dateModified\":\"2021-07-31T11:31:55+00:00\",\"breadcrumb\":{\"@id\":\"https:\\\/\\\/restaurangathena.se\\\/privacy-policy\\\/#breadcrumb\"},\"inLanguage\":\"en-GB\",\"potentialAction\":[{\"@type\":\"ReadAction\",\"target\":[\"https:\\\/\\\/restaurangathena.se\\\/privacy-policy\\\/\"]}]},{\"@type\":\"ImageObject\",\"inLanguage\":\"en-GB\",\"@id\":\"https:\\\/\\\/restaurangathena.se\\\/privacy-policy\\\/#primaryimage\",\"url\":\"https:\\\/\\\/restaurangathena.se\\\/wp-content\\\/uploads\\\/2021\\\/07\\\/Athena-Line-w.png\",\"contentUrl\":\"https:\\\/\\\/restaurangathena.se\\\/wp-content\\\/uploads\\\/2021\\\/07\\\/Athena-Line-w.png\"},{\"@type\":\"BreadcrumbList\",\"@id\":\"https:\\\/\\\/restaurangathena.se\\\/privacy-policy\\\/#breadcrumb\",\"itemListElement\":[{\"@type\":\"ListItem\",\"position\":1,\"name\":\"Startsida\",\"item\":\"https:\\\/\\\/restaurangathena.se\\\/\"},{\"@type\":\"ListItem\",\"position\":2,\"name\":\"Privacy Policy\"}]},{\"@type\":\"WebSite\",\"@id\":\"https:\\\/\\\/restaurangathena.se\\\/#website\",\"url\":\"https:\\\/\\\/restaurangathena.se\\\/\",\"name\":\"Restaurang Athena\",\"description\":\"Grekisk | Mezi | Tapas\",\"publisher\":{\"@id\":\"https:\\\/\\\/restaurangathena.se\\\/#organization\"},\"potentialAction\":[{\"@type\":\"SearchAction\",\"target\":{\"@type\":\"EntryPoint\",\"urlTemplate\":\"https:\\\/\\\/restaurangathena.se\\\/?s={search_term_string}\"},\"query-input\":{\"@type\":\"PropertyValueSpecification\",\"valueRequired\":true,\"valueName\":\"search_term_string\"}}],\"inLanguage\":\"en-GB\"},{\"@type\":\"Organization\",\"@id\":\"https:\\\/\\\/restaurangathena.se\\\/#organization\",\"name\":\"Restaurang Athena\",\"url\":\"https:\\\/\\\/restaurangathena.se\\\/\",\"logo\":{\"@type\":\"ImageObject\",\"inLanguage\":\"en-GB\",\"@id\":\"https:\\\/\\\/restaurangathena.se\\\/#\\\/schema\\\/logo\\\/image\\\/\",\"url\":\"https:\\\/\\\/restaurangathena.se\\\/wp-content\\\/uploads\\\/2021\\\/07\\\/logo-athena.jpg\",\"contentUrl\":\"https:\\\/\\\/restaurangathena.se\\\/wp-content\\\/uploads\\\/2021\\\/07\\\/logo-athena.jpg\",\"width\":1000,\"height\":1000,\"caption\":\"Restaurang Athena\"},\"image\":{\"@id\":\"https:\\\/\\\/restaurangathena.se\\\/#\\\/schema\\\/logo\\\/image\\\/\"}}]}<\/script>\n<!-- \/ Yoast SEO plugin. -->","yoast_head_json":{"title":"Privacy Policy &#187; Restaurang Athena G\u00f6teborg","robots":{"index":"noindex","follow":"nofollow"},"og_locale":"en_GB","og_type":"article","og_title":"Privacy Policy &#187; Restaurang Athena G\u00f6teborg","og_description":"V\u00e5r restaurang Privacy Policy V\u00e5r policy. V\u00e5r webbadress \u00e4r: https:\/\/restaurangathena.se\/ E-postadress: info@restaurangathena.se Vilken personlig information vi samlar in och varf\u00f6r vi samlar in den Vi anv\u00e4nder information som vi f\u00e5r fr\u00e5n v\u00e5ra bes\u00f6kare\/kunder. Vi anv\u00e4nder din information s\u00e5 l\u00e4nge som det \u00e4r n\u00f6dv\u00e4ndigt f\u00f6r att uppn\u00e5 m\u00e5let. F\u00f6r att uppfylla m\u00e5len f\u00f6r v\u00e5ra tj\u00e4nster kommer [&hellip;]","og_url":"https:\/\/restaurangathena.se\/en\/privacy-policy\/","og_site_name":"Restaurang Athena","article_modified_time":"2021-07-31T11:31:55+00:00","og_image":[{"url":"https:\/\/restaurangathena.se\/wp-content\/uploads\/2021\/07\/Athena-Line-w.png","type":"","width":"","height":""}],"twitter_card":"summary_large_image","twitter_misc":{"Estimated reading time":"3 minutes"},"schema":{"@context":"https:\/\/schema.org","@graph":[{"@type":"WebPage","@id":"https:\/\/restaurangathena.se\/privacy-policy\/","url":"https:\/\/restaurangathena.se\/privacy-policy\/","name":"Privacy Policy &#187; Restaurang Athena G\u00f6teborg","isPartOf":{"@id":"https:\/\/restaurangathena.se\/#website"},"primaryImageOfPage":{"@id":"https:\/\/restaurangathena.se\/privacy-policy\/#primaryimage"},"image":{"@id":"https:\/\/restaurangathena.se\/privacy-policy\/#primaryimage"},"thumbnailUrl":"https:\/\/restaurangathena.se\/wp-content\/uploads\/2021\/07\/Athena-Line-w.png","datePublished":"2021-07-22T14:37:32+00:00","dateModified":"2021-07-31T11:31:55+00:00","breadcrumb":{"@id":"https:\/\/restaurangathena.se\/privacy-policy\/#breadcrumb"},"inLanguage":"en-GB","potentialAction":[{"@type":"ReadAction","target":["https:\/\/restaurangathena.se\/privacy-policy\/"]}]},{"@type":"ImageObject","inLanguage":"en-GB","@id":"https:\/\/restaurangathena.se\/privacy-policy\/#primaryimage","url":"https:\/\/restaurangathena.se\/wp-content\/uploads\/2021\/07\/Athena-Line-w.png","contentUrl":"https:\/\/restaurangathena.se\/wp-content\/uploads\/2021\/07\/Athena-Line-w.png"},{"@type":"BreadcrumbList","@id":"https:\/\/restaurangathena.se\/privacy-policy\/#breadcrumb","itemListElement":[{"@type":"ListItem","position":1,"name":"Startsida","item":"https:\/\/restaurangathena.se\/"},{"@type":"ListItem","position":2,"name":"Privacy Policy"}]},{"@type":"WebSite","@id":"https:\/\/restaurangathena.se\/#website","url":"https:\/\/restaurangathena.se\/","name":"Restaurant Athena","description":"Grekisk | Mezi | Tapas","publisher":{"@id":"https:\/\/restaurangathena.se\/#organization"},"potentialAction":[{"@type":"SearchAction","target":{"@type":"EntryPoint","urlTemplate":"https:\/\/restaurangathena.se\/?s={search_term_string}"},"query-input":{"@type":"PropertyValueSpecification","valueRequired":true,"valueName":"search_term_string"}}],"inLanguage":"en-GB"},{"@type":"Organization","@id":"https:\/\/restaurangathena.se\/#organization","name":"Restaurant Athena","url":"https:\/\/restaurangathena.se\/","logo":{"@type":"ImageObject","inLanguage":"en-GB","@id":"https:\/\/restaurangathena.se\/#\/schema\/logo\/image\/","url":"https:\/\/restaurangathena.se\/wp-content\/uploads\/2021\/07\/logo-athena.jpg","contentUrl":"https:\/\/restaurangathena.se\/wp-content\/uploads\/2021\/07\/logo-athena.jpg","width":1000,"height":1000,"caption":"Restaurang Athena"},"image":{"@id":"https:\/\/restaurangathena.se\/#\/schema\/logo\/image\/"}}]}},"_links":{"self":[{"href":"https:\/\/restaurangathena.se\/en\/wp-json\/wp\/v2\/pages\/3","targetHints":{"allow":["GET"]}}],"collection":[{"href":"https:\/\/restaurangathena.se\/en\/wp-json\/wp\/v2\/pages"}],"about":[{"href":"https:\/\/restaurangathena.se\/en\/wp-json\/wp\/v2\/types\/page"}],"author":[{"embeddable":true,"href":"https:\/\/restaurangathena.se\/en\/wp-json\/wp\/v2\/users\/1"}],"replies":[{"embeddable":true,"href":"https:\/\/restaurangathena.se\/en\/wp-json\/wp\/v2\/comments?post=3"}],"version-history":[{"count":0,"href":"https:\/\/restaurangathena.se\/en\/wp-json\/wp\/v2\/pages\/3\/revisions"}],"wp:attachment":[{"href":"https:\/\/restaurangathena.se\/en\/wp-json\/wp\/v2\/media?parent=3"}],"curies":[{"name":"wp","href":"https:\/\/api.w.org\/{rel}","templated":true}]}}