{"id":71,"date":"2021-07-24T09:40:13","date_gmt":"2021-07-24T09:40:13","guid":{"rendered":"https:\/\/restaurangathena.se\/?page_id=71"},"modified":"2021-07-31T11:17:48","modified_gmt":"2021-07-31T11:17:48","slug":"boka-bord","status":"publish","type":"page","link":"https:\/\/restaurangathena.se\/en\/boka-bord\/","title":{"rendered":"Reserve a table"},"content":{"rendered":"<div data-elementor-type=\"wp-page\" data-elementor-id=\"71\" class=\"elementor elementor-71\" data-elementor-post-type=\"page\">\n\t\t\t\t\t\t<section class=\"elementor-section elementor-top-section elementor-element elementor-element-6ed5efcf elementor-section-boxed elementor-section-height-default elementor-section-height-default\" data-id=\"6ed5efcf\" data-element_type=\"section\" data-e-type=\"section\" data-settings=\"{&quot;background_background&quot;:&quot;classic&quot;}\">\n\t\t\t\t\t\t\t<div class=\"elementor-background-overlay\"><\/div>\n\t\t\t\t\t\t\t<div class=\"elementor-container elementor-column-gap-default\">\n\t\t\t\t\t<div class=\"elementor-column elementor-col-100 elementor-top-column elementor-element elementor-element-36b96f45\" data-id=\"36b96f45\" data-element_type=\"column\" data-e-type=\"column\">\n\t\t\t<div class=\"elementor-widget-wrap elementor-element-populated\">\n\t\t\t\t\t\t<div class=\"elementor-element elementor-element-4d6e0fd7 elementor-widget elementor-widget-heading\" data-id=\"4d6e0fd7\" data-element_type=\"widget\" data-e-type=\"widget\" data-widget_type=\"heading.default\">\n\t\t\t\t<div class=\"elementor-widget-container\">\n\t\t\t\t\t<h6 class=\"elementor-heading-title elementor-size-default\">Reserve<\/h6>\t\t\t\t<\/div>\n\t\t\t\t<\/div>\n\t\t\t\t<div class=\"elementor-element elementor-element-2ffe19fd elementor-widget elementor-widget-heading\" data-id=\"2ffe19fd\" data-element_type=\"widget\" data-e-type=\"widget\" data-widget_type=\"heading.default\">\n\t\t\t\t<div class=\"elementor-widget-container\">\n\t\t\t\t\t<h1 class=\"elementor-heading-title elementor-size-default\">Reserve a table<\/h1>\t\t\t\t<\/div>\n\t\t\t\t<\/div>\n\t\t\t\t<div class=\"elementor-element elementor-element-330c4934 elementor-widget__width-auto elementor-widget elementor-widget-image\" data-id=\"330c4934\" data-element_type=\"widget\" data-e-type=\"widget\" data-widget_type=\"image.default\">\n\t\t\t\t<div class=\"elementor-widget-container\">\n\t\t\t\t\t\t\t\t\t\t\t\t\t\t\t<img decoding=\"async\" width=\"201\" height=\"26\" src=\"https:\/\/restaurangathena.se\/wp-content\/uploads\/2021\/07\/Athena-Line-w.png\" class=\"attachment-full size-full wp-image-15\" alt=\"\" \/>\t\t\t\t\t\t\t\t\t\t\t\t\t\t\t<\/div>\n\t\t\t\t<\/div>\n\t\t\t\t<div class=\"elementor-element elementor-element-0ceaf0e elementor-widget elementor-widget-html\" data-id=\"0ceaf0e\" data-element_type=\"widget\" data-e-type=\"widget\" data-widget_type=\"html.default\">\n\t\t\t\t<div class=\"elementor-widget-container\">\n\t\t\t\t\t<iframe style=\"height:1000px; width:100%; border:none; \" src=\"https:\/\/bordsbokaren.se\/boka.php?i=77&k=rah22grg\" scrolling=\"no\"><\/iframe>\t\t\t\t<\/div>\n\t\t\t\t<\/div>\n\t\t\t\t\t<\/div>\n\t\t<\/div>\n\t\t\t\t\t<\/div>\n\t\t<\/section>\n\t\t\t\t<\/div>","protected":false},"excerpt":{"rendered":"<p>Reservera Boka Bord<\/p>","protected":false},"author":1,"featured_media":201,"parent":0,"menu_order":4,"comment_status":"closed","ping_status":"closed","template":"","meta":{"footnotes":""},"class_list":["post-71","page","type-page","status-publish","has-post-thumbnail","hentry"],"yoast_head":"<!-- This site is optimized with the Yoast SEO plugin v27.4 - https:\/\/yoast.com\/product\/yoast-seo-wordpress\/ -->\n<title>Boka bord &#187; Restaurang Athena G\u00f6teborg<\/title>\n<meta name=\"description\" content=\"Av erfarenhet r\u00e5der vi er att boka bord framf\u00f6rallt vid st\u00f6rre evenemang d\u00e5 det \u00e4r begr\u00e4nsat med plats under vissa tidpunkter.\" \/>\n<meta name=\"robots\" content=\"index, follow, max-snippet:-1, max-image-preview:large, max-video-preview:-1\" \/>\n<link rel=\"canonical\" href=\"https:\/\/restaurangathena.se\/en\/boka-bord\/\" \/>\n<meta property=\"og:locale\" content=\"en_GB\" \/>\n<meta property=\"og:type\" content=\"article\" \/>\n<meta property=\"og:title\" content=\"Boka bord &#187; Restaurang Athena G\u00f6teborg\" \/>\n<meta property=\"og:description\" content=\"Av erfarenhet r\u00e5der vi er att boka bord framf\u00f6rallt vid st\u00f6rre evenemang d\u00e5 det \u00e4r begr\u00e4nsat med plats under vissa tidpunkter.\" \/>\n<meta property=\"og:url\" content=\"https:\/\/restaurangathena.se\/en\/boka-bord\/\" \/>\n<meta property=\"og:site_name\" content=\"Restaurang Athena\" \/>\n<meta property=\"article:modified_time\" content=\"2021-07-31T11:17:48+00:00\" \/>\n<meta property=\"og:image\" content=\"https:\/\/restaurangathena.se\/wp-content\/uploads\/2021\/07\/f-6.jpg\" \/>\n\t<meta property=\"og:image:width\" content=\"345\" \/>\n\t<meta property=\"og:image:height\" content=\"516\" \/>\n\t<meta property=\"og:image:type\" content=\"image\/jpeg\" \/>\n<meta name=\"twitter:card\" content=\"summary_large_image\" \/>\n<meta name=\"twitter:label1\" content=\"Estimated reading time\" \/>\n\t<meta name=\"twitter:data1\" content=\"1 minute\" \/>\n<script type=\"application\/ld+json\" class=\"yoast-schema-graph\">{\"@context\":\"https:\\\/\\\/schema.org\",\"@graph\":[{\"@type\":\"WebPage\",\"@id\":\"https:\\\/\\\/restaurangathena.se\\\/boka-bord\\\/\",\"url\":\"https:\\\/\\\/restaurangathena.se\\\/boka-bord\\\/\",\"name\":\"Boka bord &#187; Restaurang Athena G\u00f6teborg\",\"isPartOf\":{\"@id\":\"https:\\\/\\\/restaurangathena.se\\\/#website\"},\"primaryImageOfPage\":{\"@id\":\"https:\\\/\\\/restaurangathena.se\\\/boka-bord\\\/#primaryimage\"},\"image\":{\"@id\":\"https:\\\/\\\/restaurangathena.se\\\/boka-bord\\\/#primaryimage\"},\"thumbnailUrl\":\"https:\\\/\\\/restaurangathena.se\\\/wp-content\\\/uploads\\\/2021\\\/07\\\/f-6.jpg\",\"datePublished\":\"2021-07-24T09:40:13+00:00\",\"dateModified\":\"2021-07-31T11:17:48+00:00\",\"description\":\"Av erfarenhet r\u00e5der vi er att boka bord framf\u00f6rallt vid st\u00f6rre evenemang d\u00e5 det \u00e4r begr\u00e4nsat med plats under vissa tidpunkter.\",\"breadcrumb\":{\"@id\":\"https:\\\/\\\/restaurangathena.se\\\/boka-bord\\\/#breadcrumb\"},\"inLanguage\":\"en-GB\",\"potentialAction\":[{\"@type\":\"ReadAction\",\"target\":[\"https:\\\/\\\/restaurangathena.se\\\/boka-bord\\\/\"]}]},{\"@type\":\"ImageObject\",\"inLanguage\":\"en-GB\",\"@id\":\"https:\\\/\\\/restaurangathena.se\\\/boka-bord\\\/#primaryimage\",\"url\":\"https:\\\/\\\/restaurangathena.se\\\/wp-content\\\/uploads\\\/2021\\\/07\\\/f-6.jpg\",\"contentUrl\":\"https:\\\/\\\/restaurangathena.se\\\/wp-content\\\/uploads\\\/2021\\\/07\\\/f-6.jpg\",\"width\":345,\"height\":516},{\"@type\":\"BreadcrumbList\",\"@id\":\"https:\\\/\\\/restaurangathena.se\\\/boka-bord\\\/#breadcrumb\",\"itemListElement\":[{\"@type\":\"ListItem\",\"position\":1,\"name\":\"Startsida\",\"item\":\"https:\\\/\\\/restaurangathena.se\\\/\"},{\"@type\":\"ListItem\",\"position\":2,\"name\":\"Boka bord\"}]},{\"@type\":\"WebSite\",\"@id\":\"https:\\\/\\\/restaurangathena.se\\\/#website\",\"url\":\"https:\\\/\\\/restaurangathena.se\\\/\",\"name\":\"Restaurang Athena\",\"description\":\"Grekisk | Mezi | Tapas\",\"publisher\":{\"@id\":\"https:\\\/\\\/restaurangathena.se\\\/#organization\"},\"potentialAction\":[{\"@type\":\"SearchAction\",\"target\":{\"@type\":\"EntryPoint\",\"urlTemplate\":\"https:\\\/\\\/restaurangathena.se\\\/?s={search_term_string}\"},\"query-input\":{\"@type\":\"PropertyValueSpecification\",\"valueRequired\":true,\"valueName\":\"search_term_string\"}}],\"inLanguage\":\"en-GB\"},{\"@type\":\"Organization\",\"@id\":\"https:\\\/\\\/restaurangathena.se\\\/#organization\",\"name\":\"Restaurang Athena\",\"url\":\"https:\\\/\\\/restaurangathena.se\\\/\",\"logo\":{\"@type\":\"ImageObject\",\"inLanguage\":\"en-GB\",\"@id\":\"https:\\\/\\\/restaurangathena.se\\\/#\\\/schema\\\/logo\\\/image\\\/\",\"url\":\"https:\\\/\\\/restaurangathena.se\\\/wp-content\\\/uploads\\\/2021\\\/07\\\/logo-athena.jpg\",\"contentUrl\":\"https:\\\/\\\/restaurangathena.se\\\/wp-content\\\/uploads\\\/2021\\\/07\\\/logo-athena.jpg\",\"width\":1000,\"height\":1000,\"caption\":\"Restaurang Athena\"},\"image\":{\"@id\":\"https:\\\/\\\/restaurangathena.se\\\/#\\\/schema\\\/logo\\\/image\\\/\"}}]}<\/script>\n<!-- \/ Yoast SEO plugin. -->","yoast_head_json":{"title":"Boka bord &#187; Restaurang Athena G\u00f6teborg","description":"Av erfarenhet r\u00e5der vi er att boka bord framf\u00f6rallt vid st\u00f6rre evenemang d\u00e5 det \u00e4r begr\u00e4nsat med plats under vissa tidpunkter.","robots":{"index":"index","follow":"follow","max-snippet":"max-snippet:-1","max-image-preview":"max-image-preview:large","max-video-preview":"max-video-preview:-1"},"canonical":"https:\/\/restaurangathena.se\/en\/boka-bord\/","og_locale":"en_GB","og_type":"article","og_title":"Boka bord &#187; Restaurang Athena G\u00f6teborg","og_description":"Av erfarenhet r\u00e5der vi er att boka bord framf\u00f6rallt vid st\u00f6rre evenemang d\u00e5 det \u00e4r begr\u00e4nsat med plats under vissa tidpunkter.","og_url":"https:\/\/restaurangathena.se\/en\/boka-bord\/","og_site_name":"Restaurang Athena","article_modified_time":"2021-07-31T11:17:48+00:00","og_image":[{"width":345,"height":516,"url":"https:\/\/restaurangathena.se\/wp-content\/uploads\/2021\/07\/f-6.jpg","type":"image\/jpeg"}],"twitter_card":"summary_large_image","twitter_misc":{"Estimated reading time":"1 minute"},"schema":{"@context":"https:\/\/schema.org","@graph":[{"@type":"WebPage","@id":"https:\/\/restaurangathena.se\/boka-bord\/","url":"https:\/\/restaurangathena.se\/boka-bord\/","name":"Boka bord &#187; Restaurang Athena G\u00f6teborg","isPartOf":{"@id":"https:\/\/restaurangathena.se\/#website"},"primaryImageOfPage":{"@id":"https:\/\/restaurangathena.se\/boka-bord\/#primaryimage"},"image":{"@id":"https:\/\/restaurangathena.se\/boka-bord\/#primaryimage"},"thumbnailUrl":"https:\/\/restaurangathena.se\/wp-content\/uploads\/2021\/07\/f-6.jpg","datePublished":"2021-07-24T09:40:13+00:00","dateModified":"2021-07-31T11:17:48+00:00","description":"Av erfarenhet r\u00e5der vi er att boka bord framf\u00f6rallt vid st\u00f6rre evenemang d\u00e5 det \u00e4r begr\u00e4nsat med plats under vissa tidpunkter.","breadcrumb":{"@id":"https:\/\/restaurangathena.se\/boka-bord\/#breadcrumb"},"inLanguage":"en-GB","potentialAction":[{"@type":"ReadAction","target":["https:\/\/restaurangathena.se\/boka-bord\/"]}]},{"@type":"ImageObject","inLanguage":"en-GB","@id":"https:\/\/restaurangathena.se\/boka-bord\/#primaryimage","url":"https:\/\/restaurangathena.se\/wp-content\/uploads\/2021\/07\/f-6.jpg","contentUrl":"https:\/\/restaurangathena.se\/wp-content\/uploads\/2021\/07\/f-6.jpg","width":345,"height":516},{"@type":"BreadcrumbList","@id":"https:\/\/restaurangathena.se\/boka-bord\/#breadcrumb","itemListElement":[{"@type":"ListItem","position":1,"name":"Startsida","item":"https:\/\/restaurangathena.se\/"},{"@type":"ListItem","position":2,"name":"Boka bord"}]},{"@type":"WebSite","@id":"https:\/\/restaurangathena.se\/#website","url":"https:\/\/restaurangathena.se\/","name":"Restaurant Athena","description":"Grekisk | Mezi | Tapas","publisher":{"@id":"https:\/\/restaurangathena.se\/#organization"},"potentialAction":[{"@type":"SearchAction","target":{"@type":"EntryPoint","urlTemplate":"https:\/\/restaurangathena.se\/?s={search_term_string}"},"query-input":{"@type":"PropertyValueSpecification","valueRequired":true,"valueName":"search_term_string"}}],"inLanguage":"en-GB"},{"@type":"Organization","@id":"https:\/\/restaurangathena.se\/#organization","name":"Restaurant Athena","url":"https:\/\/restaurangathena.se\/","logo":{"@type":"ImageObject","inLanguage":"en-GB","@id":"https:\/\/restaurangathena.se\/#\/schema\/logo\/image\/","url":"https:\/\/restaurangathena.se\/wp-content\/uploads\/2021\/07\/logo-athena.jpg","contentUrl":"https:\/\/restaurangathena.se\/wp-content\/uploads\/2021\/07\/logo-athena.jpg","width":1000,"height":1000,"caption":"Restaurang Athena"},"image":{"@id":"https:\/\/restaurangathena.se\/#\/schema\/logo\/image\/"}}]}},"_links":{"self":[{"href":"https:\/\/restaurangathena.se\/en\/wp-json\/wp\/v2\/pages\/71","targetHints":{"allow":["GET"]}}],"collection":[{"href":"https:\/\/restaurangathena.se\/en\/wp-json\/wp\/v2\/pages"}],"about":[{"href":"https:\/\/restaurangathena.se\/en\/wp-json\/wp\/v2\/types\/page"}],"author":[{"embeddable":true,"href":"https:\/\/restaurangathena.se\/en\/wp-json\/wp\/v2\/users\/1"}],"replies":[{"embeddable":true,"href":"https:\/\/restaurangathena.se\/en\/wp-json\/wp\/v2\/comments?post=71"}],"version-history":[{"count":0,"href":"https:\/\/restaurangathena.se\/en\/wp-json\/wp\/v2\/pages\/71\/revisions"}],"wp:featuredmedia":[{"embeddable":true,"href":"https:\/\/restaurangathena.se\/en\/wp-json\/wp\/v2\/media\/201"}],"wp:attachment":[{"href":"https:\/\/restaurangathena.se\/en\/wp-json\/wp\/v2\/media?parent=71"}],"curies":[{"name":"wp","href":"https:\/\/api.w.org\/{rel}","templated":true}]}}